{"id":979,"date":"2024-04-18T20:04:29","date_gmt":"2024-04-18T19:04:29","guid":{"rendered":"https:\/\/campion.ika.eus\/?page_id=979"},"modified":"2026-05-14T11:26:21","modified_gmt":"2026-05-14T10:26:21","slug":"cursos-de-verano-2026","status":"publish","type":"page","link":"https:\/\/campion.ika.eus\/es\/cursos-de-verano-2026\/","title":{"rendered":"Cursos de verano 2026"},"content":{"rendered":"\n<table id=\"tablepress-9\" class=\"tablepress tablepress-id-9\">\n<thead>\n<tr class=\"row-1\">\n\t<th class=\"column-1\"><strong>FECHAS<\/strong><\/th><th class=\"column-2\"><strong>NIVEL<\/strong><\/th><th class=\"column-3\"><strong>D\u00cdAS<\/strong><\/th><th class=\"column-4\"><strong>D\u00cdAS Y HORARIOS<\/strong><\/th><th class=\"column-5\"><strong>HORAS LECTIVAS<\/strong><\/th><th class=\"column-6\"><strong>PRECIO 4 SEMANAS<\/strong><\/th><th class=\"column-7\"><strong>PRECIO 3 SEMANAS<\/strong><\/th><th class=\"column-8\"><strong>PRECIO 2 SEMANAS<\/strong><\/th>\n<\/tr>\n<\/thead>\n<tbody class=\"row-hover\">\n<tr class=\"row-2\">\n\t<td class=\"column-1\"><\/td><td class=\"column-2\"><\/td><td class=\"column-3\"><\/td><td class=\"column-4\"><\/td><td class=\"column-5\"><\/td><td class=\"column-6\"><\/td><td class=\"column-7\"><\/td><td class=\"column-8\"><\/td>\n<\/tr>\n<tr class=\"row-3\">\n\t<td class=\"column-1\">del 4 al 29 de agosto<\/td><td class=\"column-2\">A1 | A2 | B1 | B2<\/td><td class=\"column-3\">de lunes a viernes<\/td><td class=\"column-4\">09:00 - 12:00 (3 horas)<br \/>\no<br \/>\n09:00 - 13:00 (4 horas)<br \/>\n<br \/>\n17::00 - 20:00 (3 horas)<br \/>\no<br \/>\n14:00 - 20:00 (4 horas)<\/td><td class=\"column-5\">60 (si haces 3 horas)<br \/>\n<br \/>\n80 (si haces 4 horas)<\/td><td class=\"column-6\"> 195,00 \u20ac <\/td><td class=\"column-7\">168,00 \u20ac<\/td><td class=\"column-8\">118,00 \u20ac<\/td>\n<\/tr>\n<tr class=\"row-4\">\n\t<td class=\"column-1\">del 4 al 29 de agosto<\/td><td class=\"column-2\">C1 examen completo<\/td><td class=\"column-3\">de lunes a viernes<\/td><td class=\"column-4\">09:00 - 13:30<br \/>\n<br \/>\n16:30 - 21:00<\/td><td class=\"column-5\">80<\/td><td class=\"column-6\"> 300,00 \u20ac <\/td><td class=\"column-7\">248,00 \u20ac<\/td><td class=\"column-8\">178,00 \u20ac<\/td>\n<\/tr>\n<tr class=\"row-5\">\n\t<td class=\"column-1\">del 4 al 29 de agosto<\/td><td class=\"column-2\">C1 examen escrito <br \/>\n<\/td><td class=\"column-3\">de lunes a viernes<\/td><td class=\"column-4\">09:00 - 11:00<br \/>\n<br \/>\n16:30 - 18:30<\/td><td class=\"column-5\">40<\/td><td class=\"column-6\"> 170,00 \u20ac <\/td><td class=\"column-7\">138,00 \u20ac<\/td><td class=\"column-8\">98,00 \u20ac<\/td>\n<\/tr>\n<tr class=\"row-6\">\n\t<td class=\"column-1\">del 4 al 29 de agosto<\/td><td class=\"column-2\">C1 examen oral<\/td><td class=\"column-3\">de lunes a viernes<\/td><td class=\"column-4\">11:30 - 13:30<br \/>\n<br \/>\n19:00 - 21:00<\/td><td class=\"column-5\">40<\/td><td class=\"column-6\">170,00 \u20ac<\/td><td class=\"column-7\">138,00 \u20ac<\/td><td class=\"column-8\">98,00 \u20ac<\/td>\n<\/tr>\n<tr class=\"row-7\">\n\t<td class=\"column-1\">del 2 al 18 de septiembre<\/td><td class=\"column-2\">A1+ | A2 | B1 | B2<\/td><td class=\"column-3\">de martes a jueves<\/td><td class=\"column-4\">09:30 - 11:30<br \/>\n<br \/>\n17:00 - 19:00<\/td><td class=\"column-5\">18<\/td><td class=\"column-6\">-<\/td><td class=\"column-7\">75,00 \u20ac<\/td><td class=\"column-8\">-<\/td>\n<\/tr>\n<\/tbody>\n<\/table>\n<!-- #tablepress-9 from cache -->\n<h4><strong>Ayudas econ\u00f3micas<\/strong><\/h4>\n<ul>\n<li><span>Las\u00a0<strong>ayudas<\/strong>\u00a0de Euskarabidea (Gobierno de Nafarroa) para el alumnado de\u00a0<strong>nivel A1 y A2<\/strong>\u00a0podr\u00e1n llegar a ser de\u00a0<strong>hasta el 100 %<\/strong>\u00a0de la matr\u00edcula<\/span><\/li>\n<li><span>Las\u00a0<strong>ayudas<\/strong>\u00a0de Euskarabidea (Gobierno de Nafarroa) para el alumnado de los niveles de entre\u00a0<strong>B1 a C1 \/ EGA<\/strong>\u00a0(ambos incluidos) podr\u00e1n llegar a ser de\u00a0<strong>hasta el 80%<\/strong>\u00a0de la matr\u00edcula.<\/span><\/li>\n<li>Los ayuntamientos de Nafarroa tambi\u00e9n disponen de ayudas para el aprendizaje de euskera. En su mayor\u00eda son compatibles con las de Euskarabidea.<\/li>\n<li><a href=\"https:\/\/campion.ika.eus\/es\/ayudas-economicas\/\" target=\"_blank\" rel=\"noopener\">M\u00e1s informaci\u00f3n sobre las ayudas econ\u00f3micas kllik aqu\u00ed.<\/a><\/li>\n<\/ul>\n<h4><strong>Horarios y duraci\u00f3n por semanas<\/strong><\/h4>\n<ul>\n<li>Los cursos de veranos son de 4 semanas. Sin embargo, si fuera necesario es posible matricularse para tres o dos semanas. No hay opci\u00f3n de matr\u00edcula para menos de dos semanas.<\/li>\n<li>Los cursos de septiembre son de menos horas que los de agosto. Est\u00e1n pensados para recordar los contenidos aprendidos anteriormente y preparar el curso siguiente. En los cursos de septiembre no hay opci\u00f3n de matr\u00edcula por semanas, la matr\u00edcula es para el curso entero.<\/li>\n<li>Los horarios que aparecen en la tabla son orientativos, son los horarios en los que suelen formarse grupos. Lo cual no quiere decir que haya grupos de todos los niveles en todos los horarios. Para formar un grupo son necesarias ocho alumnas como m\u00ednimo del mismo nivel en cada horario. Pude haber grupos en horarios diferentes a los de la tabla, si hay demanda suficiente para formarlos.<\/li>\n<li>Si trabajas a turnos, no hay problema para que acudas a clase por la ma\u00f1ana y por la tarde seg\u00fan tus turnos, siempre que se hayan formado grupos del mismo nivel por la ma\u00f1ana y por la tarde.<\/li>\n<\/ul>\n<h4><strong>Matr\u00edcula y pago de los cursos<\/strong><\/h4>\n<ul>\n<li><b>Puedes matricularte on line haciendo klik en el formulario de matr\u00edcula, m\u00e1s abajo.<\/b> Si lo prefieres, puedes hacer la matr\u00edcula en el mismo euskaltegi o por tel\u00e9fono llamando al n\u00famero 948 22 22 46.<\/li>\n<li>Las alumnas deber\u00e1n abonar el precio \u00edntegro del curso en que se matriculen mediante transferencia antes de empezar las clases. Hasta que no se haga la transferencia no se considerar\u00e1 hecha la matr\u00edcula. Si no se formara grupo en el horario y nivel escogido por la alumna, se devolver\u00e1 el importe total de la matr\u00edcula. Una vez comenzadas las clases no se har\u00e1 devoluci\u00f3n ninguna.<\/li>\n<\/ul>\n<div class=\"w-btn-wrapper align_center\"><a class=\"w-btn us-btn-style_1\" target=\"_blank\" rel=\"nofollow\" href=\"https:\/\/docs.google.com\/forms\/d\/e\/1FAIpQLSfpgacgkqMpfxD1GnItXkkSBzqJWcdnsrR8gjIJ9lzDBSPKZg\/viewform?usp=dialog\"><span class=\"w-btn-label\">matr\u00edcula<\/span><\/a><\/div>\n","protected":false},"excerpt":{"rendered":"<p>Ayudas econ\u00f3micas Las\u00a0ayudas\u00a0de Euskarabidea (Gobierno de Nafarroa) para el alumnado de\u00a0nivel A1 y A2\u00a0podr\u00e1n llegar a ser de\u00a0hasta el 100 %\u00a0de la matr\u00edcula Las\u00a0ayudas\u00a0de Euskarabidea (Gobierno de Nafarroa) para el alumnado de los niveles de entre\u00a0B1 a C1 \/ EGA\u00a0(ambos incluidos) podr\u00e1n llegar a ser de\u00a0hasta el 80%\u00a0de la matr\u00edcula. Los ayuntamientos de Nafarroa tambi\u00e9n&#8230;<\/p>\n","protected":false},"author":3,"featured_media":0,"parent":0,"menu_order":0,"comment_status":"closed","ping_status":"closed","template":"","meta":{"_acf_changed":false,"footnotes":""},"class_list":["post-979","page","type-page","status-publish","hentry"],"acf":[],"_links":{"self":[{"href":"https:\/\/campion.ika.eus\/es\/wp-json\/wp\/v2\/pages\/979","targetHints":{"allow":["GET"]}}],"collection":[{"href":"https:\/\/campion.ika.eus\/es\/wp-json\/wp\/v2\/pages"}],"about":[{"href":"https:\/\/campion.ika.eus\/es\/wp-json\/wp\/v2\/types\/page"}],"author":[{"embeddable":true,"href":"https:\/\/campion.ika.eus\/es\/wp-json\/wp\/v2\/users\/3"}],"replies":[{"embeddable":true,"href":"https:\/\/campion.ika.eus\/es\/wp-json\/wp\/v2\/comments?post=979"}],"version-history":[{"count":27,"href":"https:\/\/campion.ika.eus\/es\/wp-json\/wp\/v2\/pages\/979\/revisions"}],"predecessor-version":[{"id":1578,"href":"https:\/\/campion.ika.eus\/es\/wp-json\/wp\/v2\/pages\/979\/revisions\/1578"}],"wp:attachment":[{"href":"https:\/\/campion.ika.eus\/es\/wp-json\/wp\/v2\/media?parent=979"}],"curies":[{"name":"wp","href":"https:\/\/api.w.org\/{rel}","templated":true}]}}