{"id":563,"date":"2024-02-20T09:11:04","date_gmt":"2024-02-20T08:11:04","guid":{"rendered":"https:\/\/campion.ika.eus\/?page_id=563"},"modified":"2025-06-26T09:40:34","modified_gmt":"2025-06-26T08:40:34","slug":"ayudas-economicas","status":"publish","type":"page","link":"https:\/\/campion.ika.eus\/es\/ayudas-economicas\/","title":{"rendered":"Ayudas econ\u00f3micas"},"content":{"rendered":"<section class=\"l-section wpb_row height_medium\"><div class=\"l-section-h i-cf\"><div class=\"g-cols vc_row via_grid cols_2-1 laptops-cols_inherit tablets-cols_inherit mobiles-cols_1 valign_top type_default stacking_default\"><div class=\"wpb_column vc_column_container\"><div class=\"vc_column-inner\"><div class=\"wpb_text_column\"><div class=\"wpb_wrapper\"><p>Las personas mayores de 16 a\u00f1os y empadronadas en Nafarroa matriculadas en el euskaltegi pueden optar a las ayudas econ\u00f3micas de Euskarabidea (Gobierno de Navarra) y a las que adjudican los ayuntamientos.<\/p>\n<ul>\n<li><span>Las <strong>ayudas<\/strong> de Euskarabidea (Gobierno de Nafarroa) para el alumnado de <strong>nivel A1<\/strong> podr\u00e1n llegar a ser de <strong>hasta el 100 %<\/strong> de la matr\u00edcula<\/span><\/li>\n<li><span>Las <strong>ayudas<\/strong> de Euskarabidea (Gobierno de Nafarroa) para el alumnado de los niveles de entre <strong>A2 a C1 \/ EGA<\/strong> (ambos incluidos) podr\u00e1n llegar a ser de <strong>hasta el 80%<\/strong> de la matr\u00edcula.<\/span><\/li>\n<li><a href=\"https:\/\/drive.google.com\/file\/d\/1Snavs13qKzp7yDpfk69hJ--bqBx0rPHl\/view?usp=sharing\" target=\"_blank\" rel=\"noopener\">Descargar las instrucciones para solicitar las ayudas de Euskarabidea en PDF (cursos verano de 2025 y curso 2025 &#8211; 2026).<\/a><\/li>\n<li><a href=\"https:\/\/drive.google.com\/file\/d\/17SqIrIUWWeXfVoGjtoyinFcWhYizUaN7\/view?usp=sharing\" target=\"_blank\" rel=\"noopener\">Descargar las instrucciones para solicitar las ayudas del Ayuntamiento de Pamplona en PDF (cursos verano 2025).<\/a><\/li>\n<li>Los ayuntamientos de Nafarroa tambi\u00e9n disponen de ayudas para el aprendizaje de euskera. En su mayor\u00eda son compatibles con las de Euskarabidea.<\/li>\n<\/ul>\n<p>Enlaces directos a la informaci\u00f3n oficial sobre las ayudas econ\u00f3micas:<\/p>\n<ul>\n<li style=\"list-style-type: none\">\n<ul>\n<li><a href=\"https:\/\/www.navarra.es\/es\/tramites\/on\/-\/line\/ayudas-individuales-a-personas-adultas-para-el-aprendizaje-de-euskera-2025-y-primer-semestre-de-2026\" target=\"_blank\" rel=\"noopener\">Informaci\u00f3n sobre ayudas econ\u00f3micas de Euskarabidea\u00a0 (Gobierno de Navarra): AQU\u00cd.<\/a><\/li>\n<li><a href=\"https:\/\/elaide.eus\/es\/subvenciones\" target=\"_blank\" rel=\"noopener\">Informaci\u00f3n sobre ayudas econ\u00f3micas de ayuntamientos de Navarra (Elaide): AQU\u00cd.<\/a><\/li>\n<\/ul>\n<\/li>\n<\/ul>\n<\/div><\/div><\/div><\/div><div class=\"wpb_column vc_column_container\"><div class=\"vc_column-inner\"><div class=\"w-image align_none\"><div class=\"w-image-h\"><img decoding=\"async\" width=\"900\" height=\"600\" src=\"https:\/\/campion.ika.eus\/wp-content\/uploads\/sites\/5\/2024\/03\/dirulaguntzak.jpg\" class=\"attachment-large size-large\" alt=\"\" loading=\"lazy\" srcset=\"https:\/\/campion.ika.eus\/wp-content\/uploads\/sites\/5\/2024\/03\/dirulaguntzak.jpg 900w, https:\/\/campion.ika.eus\/wp-content\/uploads\/sites\/5\/2024\/03\/dirulaguntzak-300x200.jpg 300w\" sizes=\"auto, (max-width: 900px) 100vw, 900px\" \/><\/div><\/div><\/div><\/div><\/div><\/div><\/section>\n","protected":false},"excerpt":{"rendered":"Las personas mayores de 16 a\u00f1os y empadronadas en Nafarroa matriculadas en el euskaltegi pueden optar a las ayudas econ\u00f3micas de Euskarabidea (Gobierno de Navarra) y a las que adjudican los ayuntamientos. Las ayudas de Euskarabidea (Gobierno de Nafarroa) para el alumnado de nivel A1 podr\u00e1n llegar a ser de hasta el 100 % de...","protected":false},"author":1,"featured_media":0,"parent":0,"menu_order":0,"comment_status":"closed","ping_status":"closed","template":"","meta":{"_acf_changed":false,"footnotes":""},"class_list":["post-563","page","type-page","status-publish","hentry"],"acf":[],"_links":{"self":[{"href":"https:\/\/campion.ika.eus\/es\/wp-json\/wp\/v2\/pages\/563","targetHints":{"allow":["GET"]}}],"collection":[{"href":"https:\/\/campion.ika.eus\/es\/wp-json\/wp\/v2\/pages"}],"about":[{"href":"https:\/\/campion.ika.eus\/es\/wp-json\/wp\/v2\/types\/page"}],"author":[{"embeddable":true,"href":"https:\/\/campion.ika.eus\/es\/wp-json\/wp\/v2\/users\/1"}],"replies":[{"embeddable":true,"href":"https:\/\/campion.ika.eus\/es\/wp-json\/wp\/v2\/comments?post=563"}],"version-history":[{"count":25,"href":"https:\/\/campion.ika.eus\/es\/wp-json\/wp\/v2\/pages\/563\/revisions"}],"predecessor-version":[{"id":1387,"href":"https:\/\/campion.ika.eus\/es\/wp-json\/wp\/v2\/pages\/563\/revisions\/1387"}],"wp:attachment":[{"href":"https:\/\/campion.ika.eus\/es\/wp-json\/wp\/v2\/media?parent=563"}],"curies":[{"name":"wp","href":"https:\/\/api.w.org\/{rel}","templated":true}]}}