{"id":557,"date":"2024-02-20T09:11:52","date_gmt":"2024-02-20T08:11:52","guid":{"rendered":"https:\/\/campion.ika.eus\/?page_id=557"},"modified":"2024-04-09T13:38:53","modified_gmt":"2024-04-09T12:38:53","slug":"noticias","status":"publish","type":"page","link":"https:\/\/campion.ika.eus\/es\/noticias\/","title":{"rendered":"Noticias"},"content":{"rendered":"<section class=\"l-section wpb_row us_custom_50990817 height_large\"><div class=\"l-section-h i-cf\"><div class=\"g-cols vc_row via_grid cols_1 laptops-cols_inherit tablets-cols_inherit mobiles-cols_1 valign_top type_default stacking_default\"><div class=\"wpb_column vc_column_container\"><div class=\"vc_column-inner\"><div class=\"w-grid us_grid type_grid layout_773 cols_3 overflow_hidden preload_style_spinner\" id=\"us_grid_1\" style=\"--columns:3;--gap:1.5rem;\" data-filterable=\"true\"><style>@media (max-width:1024px){#us_grid_1{--columns:2!important}}@media (max-width:600px){#us_grid_1{--columns:1!important}}.layout_773 .w-grid-item-h{color:#222222}.layout_773 .usg_post_image_1{margin-bottom:1rem!important}.layout_773 .usg_post_title_1{color:#222222!important;font-size:1.6rem!important;font-weight:700!important;text-transform:uppercase!important}.layout_773 .usg_vwrapper_1{margin-top:2rem!important}.layout_773 .usg_hwrapper_1{color:var(--color-content-faded)!important;font-size:0.9rem!important}.layout_773 .usg_post_date_1{color:#FFD500!important}.layout_773 .usg_btn_1{margin-top:1.5rem!important}@media (max-width:600px){.layout_773 .usg_post_title_1{font-size:1.2rem!important}}<\/style><div class=\"w-grid-list\">\t<article class=\"w-grid-item size_1x1 post-1477 post type-post status-publish format-standard hentry category-sin-categorizar\" data-id=\"1477\">\r\n\t\t<div class=\"w-grid-item-h\">\r\n\t\t\t\t\t\t<div class=\"w-vwrapper usg_vwrapper_1\"><h2 class=\"w-post-elm post_title usg_post_title_1 has_text_color entry-title color_link_inherit\"><a href=\"https:\/\/campion.ika.eus\/es\/2026\/03\/23\/en-mayo-cursos-intensivos\/\">En mayo cursos intensivos<\/a><\/h2><div class=\"w-hwrapper usg_hwrapper_1 has_text_color wrap\"><time class=\"w-post-elm post_date usg_post_date_1 has_text_color entry-date published\" datetime=\"2026-03-23T13:58:55+01:00\">23\/03\/2026<\/time><\/div><div class=\"w-post-elm post_content usg_post_content_1\">El euskaltegi Arturo Campion ha organizado para mayo cursos intensivos de euskera. La Fundaci\u00f3n Arturo Kanpion ayudar\u00e1 econ\u00f3micamente a las&hellip;<\/div><\/div><a class=\"w-btn us-btn-style_4 usg_btn_1\" href=\"https:\/\/campion.ika.eus\/es\/2026\/03\/23\/en-mayo-cursos-intensivos\/\"><span class=\"w-btn-label\">LEER M\u00c1S ><\/span><\/a>\t\t<\/div>\r\n\t\t\t<\/article>\r\n<\/div>\t<div class=\"w-grid-preloader\">\r\n\t\t<div class=\"g-preloader type_1\">\r\n\t\t\t<div><\/div>\r\n\t\t<\/div>\r\n\t<\/div>\r\n\t\t<div class=\"w-grid-json hidden\" onclick='return {&quot;action&quot;:&quot;us_ajax_grid&quot;,&quot;infinite_scroll&quot;:0,&quot;max_num_pages&quot;:1,&quot;pagination&quot;:&quot;none&quot;,&quot;template_vars&quot;:{&quot;columns&quot;:&quot;3&quot;,&quot;exclude_items&quot;:&quot;none&quot;,&quot;img_size&quot;:&quot;default&quot;,&quot;ignore_items_size&quot;:0,&quot;items_layout&quot;:&quot;773&quot;,&quot;items_offset&quot;:&quot;1&quot;,&quot;load_animation&quot;:&quot;none&quot;,&quot;overriding_link&quot;:&quot;%7B%22url%22%3A%22%22%7D&quot;,&quot;post_id&quot;:0,&quot;query_args&quot;:{&quot;post_type&quot;:[&quot;post&quot;],&quot;post_status&quot;:[&quot;publish&quot;,&quot;acf-disabled&quot;],&quot;posts_per_page&quot;:&quot;3&quot;},&quot;orderby_query_args&quot;:{&quot;orderby&quot;:{&quot;date&quot;:&quot;DESC&quot;}},&quot;type&quot;:&quot;grid&quot;,&quot;us_grid_post_type&quot;:&quot;post&quot;,&quot;us_grid_ajax_index&quot;:1,&quot;us_grid_filter_query_string&quot;:null,&quot;us_grid_index&quot;:1,&quot;page_args&quot;:[],&quot;lang&quot;:&quot;es&quot;}}'><\/div>\r\n\t<\/div><\/div><\/div><\/div><\/div><\/section>\n","protected":false},"excerpt":{"rendered":"El euskaltegi Arturo Campion ha organizado para mayo cursos intensivos de euskera. La Fundaci\u00f3n Arturo Kanpion ayudar\u00e1 econ\u00f3micamente a las alumnas que los cursen. Niveles A1 | Nociones b\u00e1sicas B2 Fechas Del 4 al 29 de mayo. Horario De lunes a viernes, de 9:30 a 14:00. 80 horas lectivas Precio Las alumnas abonar\u00e1n 250,00\u20ac al...","protected":false},"author":1,"featured_media":0,"parent":0,"menu_order":0,"comment_status":"closed","ping_status":"closed","template":"","meta":{"_acf_changed":false,"footnotes":""},"class_list":["post-557","page","type-page","status-publish","hentry"],"acf":[],"_links":{"self":[{"href":"https:\/\/campion.ika.eus\/es\/wp-json\/wp\/v2\/pages\/557","targetHints":{"allow":["GET"]}}],"collection":[{"href":"https:\/\/campion.ika.eus\/es\/wp-json\/wp\/v2\/pages"}],"about":[{"href":"https:\/\/campion.ika.eus\/es\/wp-json\/wp\/v2\/types\/page"}],"author":[{"embeddable":true,"href":"https:\/\/campion.ika.eus\/es\/wp-json\/wp\/v2\/users\/1"}],"replies":[{"embeddable":true,"href":"https:\/\/campion.ika.eus\/es\/wp-json\/wp\/v2\/comments?post=557"}],"version-history":[{"count":3,"href":"https:\/\/campion.ika.eus\/es\/wp-json\/wp\/v2\/pages\/557\/revisions"}],"predecessor-version":[{"id":774,"href":"https:\/\/campion.ika.eus\/es\/wp-json\/wp\/v2\/pages\/557\/revisions\/774"}],"wp:attachment":[{"href":"https:\/\/campion.ika.eus\/es\/wp-json\/wp\/v2\/media?parent=557"}],"curies":[{"name":"wp","href":"https:\/\/api.w.org\/{rel}","templated":true}]}}