{"id":1293,"date":"2025-05-21T20:40:05","date_gmt":"2025-05-21T19:40:05","guid":{"rendered":"https:\/\/campion.ika.eus\/?page_id=1293"},"modified":"2026-03-30T12:32:09","modified_gmt":"2026-03-30T11:32:09","slug":"curso-2025-2026","status":"publish","type":"page","link":"https:\/\/campion.ika.eus\/es\/curso-2025-2026\/","title":{"rendered":"Curso 2026 &#8211; 2027"},"content":{"rendered":"<section class=\"l-section wpb_row height_medium\"><div class=\"l-section-h i-cf\"><div class=\"g-cols vc_row via_grid cols_1 laptops-cols_inherit tablets-cols_inherit mobiles-cols_1 valign_top type_default stacking_default\"><div class=\"wpb_column vc_column_container\"><div class=\"vc_column-inner\"><div class=\"w-separator size_small\"><\/div><div class=\"w-html taula\">\n<table id=\"tablepress-4\" class=\"tablepress tablepress-id-4\">\n<thead>\n<tr class=\"row-1\">\n\t<th class=\"column-1\">NIVEL<\/th><th class=\"column-2\">HORARIO<\/th><th class=\"column-3\">D\u00cdAS<\/th><th class=\"column-4\">CALENDARIO<\/th><th class=\"column-5\">PRECIO<\/th>\n<\/tr>\n<\/thead>\n<tbody>\n<tr class=\"row-2\">\n\t<td class=\"column-1\"><\/td><td class=\"column-2\"><\/td><td class=\"column-3\"><\/td><td class=\"column-4\"><\/td><td class=\"column-5\"><\/td>\n<\/tr>\n<tr class=\"row-3\">\n\t<td class=\"column-1\"><strong>A1, A2, B1, y B2<\/strong><\/td><td class=\"column-2\">07:00 - 09:00<br \/>\n09:30 - 11:30<\/td><td class=\"column-3\">de lunes a jueves<\/td><td class=\"column-4\">del 28 de septiembre<br \/>\nal 25 de junio<\/td><td class=\"column-5\">585 \u20ac <\/td>\n<\/tr>\n<tr class=\"row-4\">\n\t<td class=\"column-1\"><strong>A1, A2, B1, y B2<\/strong><\/td><td class=\"column-2\">17:00 - 19:30 <br \/>\n19:30 - 22:00<\/td><td class=\"column-3\">lunes, martes y jueves<\/td><td class=\"column-4\">del 28 de septiembre<br \/>\nal 25 de junio<\/td><td class=\"column-5\">545 \u20ac <\/td>\n<\/tr>\n<tr class=\"row-5\">\n\t<td class=\"column-1\"><strong>A1, A2, B1, y B2<\/strong><\/td><td class=\"column-2\">08:00 - 09:30<\/td><td class=\"column-3\">de lunes a viernes<\/td><td class=\"column-4\">del 28 de septiembre<br \/>\nal 25 de junio<\/td><td class=\"column-5\">545 \u20ac <\/td>\n<\/tr>\n<tr class=\"row-6\">\n\t<td class=\"column-1\"><strong>C1<\/strong><\/td><td class=\"column-2\">09:30 - 11:30<br \/>\n17:00 - 19:00<\/td><td class=\"column-3\">martes y jueves<\/td><td class=\"column-4\">del 28 de septiembre<br \/>\nal 27 de mayo<\/td><td class=\"column-5\">385 \u20ac<\/td>\n<\/tr>\n<\/tbody>\n<\/table>\n<!-- #tablepress-4 from cache --><\/div><div class=\"w-separator size_medium\"><\/div><div class=\"g-cols wpb_row via_grid cols_1 laptops-cols_inherit tablets-cols_inherit mobiles-cols_1 valign_top type_default stacking_default\" style=\"--columns-gap:3rem;\"><div class=\"wpb_column vc_column_container\"><div class=\"vc_column-inner\"><div class=\"wpb_text_column\"><div class=\"wpb_wrapper\"><h4><strong>Ayudas econ\u00f3micas<\/strong><\/h4>\n<ul>\n<li><span>Las\u00a0<strong>ayudas<\/strong>\u00a0de Euskarabidea (Gobierno de Nafarroa) para el alumnado de\u00a0<strong>nivel A1<\/strong>\u00a0podr\u00e1n llegar a ser de\u00a0<strong>hasta el 100 %<\/strong>\u00a0de la matr\u00edcula<\/span><\/li>\n<li><span>Las\u00a0<strong>ayudas<\/strong>\u00a0de Euskarabidea (Gobierno de Nafarroa) para el alumnado de los niveles de entre\u00a0<strong>A2 a C1 \/ EGA<\/strong>\u00a0(ambos incluidos) podr\u00e1n llegar a ser de\u00a0<strong>hasta el 80%<\/strong>\u00a0de la matr\u00edcula.<\/span><\/li>\n<li>Los ayuntamientos de Nafarroa tambi\u00e9n disponen de ayudas para el aprendizaje de euskera. En su mayor\u00eda son compatibles con las de Euskarabidea.<\/li>\n<li><a href=\"https:\/\/campion.ika.eus\/es\/ayudas-economicas\/\" target=\"_blank\" rel=\"noopener\">M\u00e1s informaci\u00f3n sobre las ayudas econ\u00f3micas kllik aqu\u00ed.<\/a><\/li>\n<\/ul>\n<h4><strong>Horarios y ritmos<\/strong><\/h4>\n<p>Los horarios arriba indicados son orientativos. Son los horarios m\u00e1s habituales en los que suelen formarse grupos. Eso no quiere decir que haya grupos de todos los niveles en todos los horarios. Para que se forme un grupo hace falta reunir por lo menos 8 personas del mismo nivel en el mismo horario. A parte de esos horarios, tambi\u00e9n pueden formarse grupos en otros, atendiendo a las necesidades de las alumnas. La condici\u00f3n para que se forme un grupo es el n\u00famero de alumnas (8 como m\u00ednimo). Si trabajas a turnos, no hay inconveniente en que acudas a clase tambi\u00e9n a turnos, siempre que haya grupo del mismo nivel por la ma\u00f1ana y por la tarde. Ritmos de menos horas: en los grupos de nivel B2 o superior es posible matricularse para acudir a clase dos d\u00edas a la semana, en vez de cuatro.<\/p>\n<h4><strong>Precios del curso entero seg\u00fan ritmo de horas semanales<\/strong><\/h4>\n<ul>\n<li>8 horas semanales 585,00 \u20ac<\/li>\n<li>7,5 horas semanales 545,00 \u20ac<\/li>\n<li>6 horas semanales 455,00 \u20ac<\/li>\n<li>5 horas semanales 420,00 \u20ac<\/li>\n<li>4 horas semanales 325,00 \u20ac<\/li>\n<li>R\u00edtmo inferior a 4 horas semanales 325,00 \u20ac<\/li>\n<\/ul>\n<h4><strong>Pago de los cursos<\/strong><\/h4>\n<ul>\n<li>Los cursos se pagan en tres plazos: la matr\u00edcula (150,00 \u20ac) al inicio de las clases, y el resto en dos plazos a lo largo del curso (uno en diciembre y otro en marzo).<\/li>\n<li>El pago se realiza por giro bancario. Para eso, necesitamos tu n\u00famero de cuenta corriente. <a href=\"https:\/\/drive.google.com\/file\/d\/1RfBUzb7x5szDngyT2II7rqf6wOeED6iP\/view?usp=sharing\"><strong>Nos lo puedes hacer llegar por correo electr\u00f3nico rellenando la hoja SEPA que puedes descargar en este enlace.<\/strong><\/a><strong> Una vez rellenada la hoja, env\u00edala por correo electr\u00f3nico a la direcci\u00f3n campion@ika.eus helbidera.<\/strong><\/li>\n<li>Si lo prefieres, puedes rellenar la hoja SEPA en el euskaltegi mismo, al inicio de las clases.<\/li>\n<\/ul>\n<h4><strong>Matr\u00edcula<\/strong><\/h4>\n<ul>\n<li><strong>Puedes hacer la matr\u00edcula pulsando el bot\u00f3n de abajo, de modo presencial en el mismo euskalegi o por tel\u00e9fono en el n\u00famero 948 22 22 46<\/strong>.<\/li>\n<\/ul>\n<\/div><\/div><div class=\"w-btn-wrapper align_center\"><a class=\"w-btn us-btn-style_1\" target=\"_blank\" rel=\"nofollow\" href=\"https:\/\/docs.google.com\/forms\/d\/e\/1FAIpQLSclOc-YO1a-c1gm5iz4x4s976kVUphJaUZUPu9LM0OaL68Whw\/viewform?usp=preview\"><span class=\"w-btn-label\">MATR\u00cdCULA<\/span><\/a><\/div><\/div><\/div><\/div><\/div><\/div><\/div><\/div><\/section>\n","protected":false},"excerpt":{"rendered":"NIVELHORARIOD\u00cdASCALENDARIOPRECIO A1, A2, B1, y B207:00 - 09:00 09:30 - 11:30de lunes a juevesdel 28 de septiembre al 25 de junio585 \u20ac A1, A2, B1, y B217:00 - 19:30 19:30 - 22:00lunes, martes y juevesdel 28 de septiembre al 25 de junio545 \u20ac A1, A2, B1, y B208:00 - 09:30de lunes a viernesdel 28 de...","protected":false},"author":3,"featured_media":0,"parent":0,"menu_order":0,"comment_status":"closed","ping_status":"closed","template":"","meta":{"_acf_changed":false,"footnotes":""},"class_list":["post-1293","page","type-page","status-publish","hentry"],"acf":[],"_links":{"self":[{"href":"https:\/\/campion.ika.eus\/es\/wp-json\/wp\/v2\/pages\/1293","targetHints":{"allow":["GET"]}}],"collection":[{"href":"https:\/\/campion.ika.eus\/es\/wp-json\/wp\/v2\/pages"}],"about":[{"href":"https:\/\/campion.ika.eus\/es\/wp-json\/wp\/v2\/types\/page"}],"author":[{"embeddable":true,"href":"https:\/\/campion.ika.eus\/es\/wp-json\/wp\/v2\/users\/3"}],"replies":[{"embeddable":true,"href":"https:\/\/campion.ika.eus\/es\/wp-json\/wp\/v2\/comments?post=1293"}],"version-history":[{"count":12,"href":"https:\/\/campion.ika.eus\/es\/wp-json\/wp\/v2\/pages\/1293\/revisions"}],"predecessor-version":[{"id":1488,"href":"https:\/\/campion.ika.eus\/es\/wp-json\/wp\/v2\/pages\/1293\/revisions\/1488"}],"wp:attachment":[{"href":"https:\/\/campion.ika.eus\/es\/wp-json\/wp\/v2\/media?parent=1293"}],"curies":[{"name":"wp","href":"https:\/\/api.w.org\/{rel}","templated":true}]}}